{"id":11,"date":"2026-03-04T20:55:38","date_gmt":"2026-03-04T20:55:38","guid":{"rendered":"https:\/\/dennis.com.es\/?page_id=11"},"modified":"2026-03-12T18:53:30","modified_gmt":"2026-03-12T18:53:30","slug":"inicio","status":"publish","type":"page","link":"https:\/\/dennis.com.es\/","title":{"rendered":"Inicio"},"content":{"rendered":"\t\t<div data-elementor-type=\"wp-page\" data-elementor-id=\"11\" class=\"elementor elementor-11\" data-elementor-post-type=\"page\">\n\t\t\t\t<div class=\"elementor-element elementor-element-cg2h28p e-flex e-con-boxed e-con e-parent\" data-id=\"cg2h28p\" data-element_type=\"container\" data-e-type=\"container\">\n\t\t\t\t\t<div class=\"e-con-inner\">\n\t\t<div class=\"elementor-element elementor-element-83a67a8 e-con-full e-flex e-con e-child\" data-id=\"83a67a8\" data-element_type=\"container\" data-e-type=\"container\" data-settings=\"{&quot;background_background&quot;:&quot;classic&quot;}\">\n\t\t\t\t<div class=\"elementor-element elementor-element-f61c788 elementor-widget elementor-widget-heading\" data-id=\"f61c788\" data-element_type=\"widget\" data-e-type=\"widget\" data-widget_type=\"heading.default\">\n\t\t\t\t\t<h6 class=\"elementor-heading-title elementor-size-default\">Hola<\/h6>\t\t\t\t<\/div>\n\t\t\t\t<div class=\"elementor-element elementor-element-7d4a801 elementor-widget elementor-widget-heading\" data-id=\"7d4a801\" data-element_type=\"widget\" data-e-type=\"widget\" data-widget_type=\"heading.default\">\n\t\t\t\t\t<h1 class=\"elementor-heading-title elementor-size-default\">Soy Dennis<\/h1>\t\t\t\t<\/div>\n\t\t\t\t<div class=\"elementor-element elementor-element-9a5e562 elementor-widget elementor-widget-heading\" data-id=\"9a5e562\" data-element_type=\"widget\" data-e-type=\"widget\" data-widget_type=\"heading.default\">\n\t\t\t\t\t<h3 class=\"elementor-heading-title elementor-size-default\">Has aterrizado en mi web personal. Aqu\u00ed puedes ver cositas sobre m\u00ed; lo que hago, lo que me gusta, en fin, mi d\u00eda a d\u00eda<\/h3>\t\t\t\t<\/div>\n\t\t\t\t<\/div>\n\t\t\t\t\t<\/div>\n\t\t\t\t<\/div>\n\t\t<div class=\"elementor-element elementor-element-3201w8l e-flex e-con-boxed e-con e-parent\" data-id=\"3201w8l\" data-element_type=\"container\" data-e-type=\"container\">\n\t\t\t\t\t<div class=\"e-con-inner\">\n\t\t\t\t<div class=\"elementor-element elementor-element-45b1d81 elementor-widget-divider--view-line elementor-widget elementor-widget-divider\" data-id=\"45b1d81\" data-element_type=\"widget\" data-e-type=\"widget\" data-widget_type=\"divider.default\">\n\t\t\t\t\t\t\t<div class=\"elementor-divider\">\n\t\t\t<span class=\"elementor-divider-separator\">\n\t\t\t\t\t\t<\/span>\n\t\t<\/div>\n\t\t\t\t\t\t<\/div>\n\t\t\t\t<div class=\"elementor-element elementor-element-0707f1b elementor-widget elementor-widget-heading\" data-id=\"0707f1b\" data-element_type=\"widget\" data-e-type=\"widget\" data-widget_type=\"heading.default\">\n\t\t\t\t\t<h2 class=\"elementor-heading-title elementor-size-default\">Est\u00e1s en la web de Dennis Mart\u00edn<\/h2>\t\t\t\t<\/div>\n\t\t\t\t<div class=\"elementor-element elementor-element-277304c elementor-widget elementor-widget-heading\" data-id=\"277304c\" data-element_type=\"widget\" data-e-type=\"widget\" data-widget_type=\"heading.default\">\n\t\t\t\t\t<h4 class=\"elementor-heading-title elementor-size-default\">Soy muy deportista y aventurero pero los bichos peque\u00f1os me dan mucho miedo jajajajajajaja<\/h4>\t\t\t\t<\/div>\n\t\t\t\t\t<\/div>\n\t\t\t\t<\/div>\n\t\t<div class=\"elementor-element elementor-element-n8qirgu e-flex e-con-boxed e-con e-parent\" data-id=\"n8qirgu\" data-element_type=\"container\" data-e-type=\"container\">\n\t\t\t\t\t<div class=\"e-con-inner\">\n\t\t\t\t<div class=\"elementor-element elementor-element-186df76 elementor-widget elementor-widget-image\" data-id=\"186df76\" data-element_type=\"widget\" data-e-type=\"widget\" data-widget_type=\"image.default\">\n\t\t\t\t\t\t\t\t\t\t\t\t\t\t\t<img decoding=\"async\" src=\"https:\/\/dennis.com.es\/wp-content\/uploads\/elementor\/thumbs\/IMG_20231012_184900-scaled-rk0tdd0pzpm7m3acc53576ywn4yzi7gwmua3dv64xc.jpg\" title=\"IMG_20231012_184900\" alt=\"IMG_20231012_184900\" loading=\"lazy\" \/>\t\t\t\t\t\t\t\t\t\t\t\t\t\t\t<\/div>\n\t\t\t\t\t<\/div>\n\t\t\t\t<\/div>\n\t\t<div class=\"elementor-element elementor-element-9l9i4zt e-flex e-con-boxed e-con e-parent\" data-id=\"9l9i4zt\" data-element_type=\"container\" data-e-type=\"container\">\n\t\t\t\t\t<div class=\"e-con-inner\">\n\t\t\t\t<div class=\"elementor-element elementor-element-ce2493a elementor-widget elementor-widget-heading\" data-id=\"ce2493a\" data-element_type=\"widget\" data-e-type=\"widget\" data-widget_type=\"heading.default\">\n\t\t\t\t\t<h2 class=\"elementor-heading-title elementor-size-default\">Piscina y playa<\/h2>\t\t\t\t<\/div>\n\t\t\t\t<div class=\"elementor-element elementor-element-a9ffb08 elementor-widget elementor-widget-heading\" data-id=\"a9ffb08\" data-element_type=\"widget\" data-e-type=\"widget\" data-widget_type=\"heading.default\">\n\t\t\t\t\t<h5 class=\"elementor-heading-title elementor-size-default\">Me gusta mucho la playa y la piscina, como tengo la suerte de vivir en un sitio donde hace buen tiempo la mayor\u00eda del a\u00f1o  no es extra\u00f1o ba\u00f1arme en cualquier mes.<\/h5>\t\t\t\t<\/div>\n\t\t\t\t\t<\/div>\n\t\t\t\t<\/div>\n\t\t<div class=\"elementor-element elementor-element-7rxza6d e-flex e-con-boxed e-con e-parent\" data-id=\"7rxza6d\" data-element_type=\"container\" data-e-type=\"container\">\n\t\t\t\t\t<div class=\"e-con-inner\">\n\t\t<div class=\"elementor-element elementor-element-1fedc9f e-con-full e-flex e-con e-child\" data-id=\"1fedc9f\" data-element_type=\"container\" data-e-type=\"container\" data-settings=\"{&quot;background_background&quot;:&quot;classic&quot;}\">\n\t\t\t\t<div class=\"elementor-element elementor-element-9ab2a08 elementor-widget elementor-widget-image-box\" data-id=\"9ab2a08\" data-element_type=\"widget\" data-e-type=\"widget\" data-widget_type=\"image-box.default\">\n\t\t\t\t\t<div class=\"elementor-image-box-wrapper\"><div class=\"elementor-image-box-content\"><h4 class=\"elementor-image-box-title\">Corriendo<\/h4><\/div><\/div>\t\t\t\t<\/div>\n\t\t\t\t<\/div>\n\t\t<div class=\"elementor-element elementor-element-6a451d5 e-con-full e-flex e-con e-child\" data-id=\"6a451d5\" data-element_type=\"container\" data-e-type=\"container\" data-settings=\"{&quot;background_background&quot;:&quot;classic&quot;}\">\n\t\t\t\t<div class=\"elementor-element elementor-element-1584145 elementor-widget elementor-widget-image-box\" data-id=\"1584145\" data-element_type=\"widget\" data-e-type=\"widget\" data-widget_type=\"image-box.default\">\n\t\t\t\t\t<div class=\"elementor-image-box-wrapper\"><div class=\"elementor-image-box-content\"><h4 class=\"elementor-image-box-title\">Cogiendo casta\u00f1as<\/h4><\/div><\/div>\t\t\t\t<\/div>\n\t\t\t\t<\/div>\n\t\t<div class=\"elementor-element elementor-element-4d5b8a8 e-con-full e-flex e-con e-child\" data-id=\"4d5b8a8\" data-element_type=\"container\" data-e-type=\"container\" data-settings=\"{&quot;background_background&quot;:&quot;classic&quot;}\">\n\t\t\t\t<div class=\"elementor-element elementor-element-ee68e5e elementor-widget elementor-widget-image-box\" data-id=\"ee68e5e\" data-element_type=\"widget\" data-e-type=\"widget\" data-widget_type=\"image-box.default\">\n\t\t\t\t\t<div class=\"elementor-image-box-wrapper\"><div class=\"elementor-image-box-content\"><h4 class=\"elementor-image-box-title\">Posando<\/h4><\/div><\/div>\t\t\t\t<\/div>\n\t\t\t\t<\/div>\n\t\t\t\t\t<\/div>\n\t\t\t\t<\/div>\n\t\t<div class=\"elementor-element elementor-element-eqzhyqm e-flex e-con-boxed e-con e-parent\" data-id=\"eqzhyqm\" data-element_type=\"container\" data-e-type=\"container\">\n\t\t\t\t\t<div class=\"e-con-inner\">\n\t\t\t\t<div class=\"elementor-element elementor-element-6a8a051 elementor-widget elementor-widget-heading\" data-id=\"6a8a051\" data-element_type=\"widget\" data-e-type=\"widget\" data-widget_type=\"heading.default\">\n\t\t\t\t\t<h2 class=\"elementor-heading-title elementor-size-default\">Mi familia<\/h2>\t\t\t\t<\/div>\n\t\t\t\t<div class=\"elementor-element elementor-element-aacb2bd elementor-widget elementor-widget-heading\" data-id=\"aacb2bd\" data-element_type=\"widget\" data-e-type=\"widget\" data-widget_type=\"heading.default\">\n\t\t\t\t\t<h5 class=\"elementor-heading-title elementor-size-default\">Soy el mayor de tres hermanos, tengo una hermana a la que le saco cuatro a\u00f1os y un hermano que le saco nueve. Mi hermanita se llama Irina y el peque\u00f1\u00edn es Teo, justo debajo de estas l\u00edneas tienes las webs personales de cada uno de ellos por si quieres bichear un rato.<\/h5>\t\t\t\t<\/div>\n\t\t\t\t<div class=\"elementor-element elementor-element-697c3af elementor-widget elementor-widget-heading\" data-id=\"697c3af\" data-element_type=\"widget\" data-e-type=\"widget\" data-widget_type=\"heading.default\">\n\t\t\t\t\t<h5 class=\"elementor-heading-title elementor-size-default\"><a href=\"http:\/\/irina.com.es\">Irina<\/a><\/h5>\t\t\t\t<\/div>\n\t\t\t\t<div class=\"elementor-element elementor-element-d7898b8 elementor-widget elementor-widget-heading\" data-id=\"d7898b8\" data-element_type=\"widget\" data-e-type=\"widget\" data-widget_type=\"heading.default\">\n\t\t\t\t\t<h5 class=\"elementor-heading-title elementor-size-default\"><a href=\"http:\/\/teo.com.es\">Teo<\/a><\/h5>\t\t\t\t<\/div>\n\t\t\t\t\t<\/div>\n\t\t\t\t<\/div>\n\t\t<div class=\"elementor-element elementor-element-9d061b8 e-flex e-con-boxed e-con e-parent\" data-id=\"9d061b8\" data-element_type=\"container\" data-e-type=\"container\">\n\t\t\t\t\t<div class=\"e-con-inner\">\n\t\t\t\t<div class=\"elementor-element elementor-element-aa31d32 elementor-widget-divider--view-line_icon elementor-view-default elementor-widget-divider--element-align-center elementor-widget elementor-widget-divider\" data-id=\"aa31d32\" data-element_type=\"widget\" data-e-type=\"widget\" data-widget_type=\"divider.default\">\n\t\t\t\t\t\t\t<div class=\"elementor-divider\">\n\t\t\t<span class=\"elementor-divider-separator\">\n\t\t\t\t\t\t\t<div class=\"elementor-icon elementor-divider__element\">\n\t\t\t\t\t<svg aria-hidden=\"true\" class=\"e-font-icon-svg e-fas-fire-alt\" viewBox=\"0 0 448 512\" xmlns=\"http:\/\/www.w3.org\/2000\/svg\"><path d=\"M323.56 51.2c-20.8 19.3-39.58 39.59-56.22 59.97C240.08 73.62 206.28 35.53 168 0 69.74 91.17 0 209.96 0 281.6 0 408.85 100.29 512 224 512s224-103.15 224-230.4c0-53.27-51.98-163.14-124.44-230.4zm-19.47 340.65C282.43 407.01 255.72 416 226.86 416 154.71 416 96 368.26 96 290.75c0-38.61 24.31-72.63 72.79-130.75 6.93 7.98 98.83 125.34 98.83 125.34l58.63-66.88c4.14 6.85 7.91 13.55 11.27 19.97 27.35 52.19 15.81 118.97-33.43 153.42z\"><\/path><\/svg><\/div>\n\t\t\t\t\t\t<\/span>\n\t\t<\/div>\n\t\t\t\t\t\t<\/div>\n\t\t\t\t\t<\/div>\n\t\t\t\t<\/div>\n\t\t<div class=\"elementor-element elementor-element-7ddob56 e-flex e-con-boxed e-con e-parent\" data-id=\"7ddob56\" data-element_type=\"container\" data-e-type=\"container\">\n\t\t\t\t\t<div class=\"e-con-inner\">\n\t\t\t\t<div class=\"elementor-element elementor-element-1c52819 elementor-widget elementor-widget-image\" data-id=\"1c52819\" data-element_type=\"widget\" data-e-type=\"widget\" data-widget_type=\"image.default\">\n\t\t\t\t\t\t\t\t\t\t\t\t\t\t\t<img decoding=\"async\" src=\"https:\/\/dennis.com.es\/wp-content\/uploads\/elementor\/thumbs\/PXL_20250805_185850797-1-scaled-rk0zoli5epfeknclujz203zufbtg63v0yw0j3j55ls.jpg\" title=\"PXL_20250805_185850797\" alt=\"PXL_20250805_185850797\" loading=\"lazy\" \/>\t\t\t\t\t\t\t\t\t\t\t\t\t\t\t<\/div>\n\t\t\t\t\t<\/div>\n\t\t\t\t<\/div>\n\t\t<div class=\"elementor-element elementor-element-xn40yfp e-flex e-con-boxed e-con e-parent\" data-id=\"xn40yfp\" data-element_type=\"container\" data-e-type=\"container\">\n\t\t\t\t\t<div class=\"e-con-inner\">\n\t\t\t\t<div class=\"elementor-element elementor-element-3048a8a elementor-widget elementor-widget-heading\" data-id=\"3048a8a\" data-element_type=\"widget\" data-e-type=\"widget\" data-widget_type=\"heading.default\">\n\t\t\t\t\t<h2 class=\"elementor-heading-title elementor-size-default\">Papi<\/h2>\t\t\t\t<\/div>\n\t\t\t\t<div class=\"elementor-element elementor-element-2b6d056 elementor-widget elementor-widget-heading\" data-id=\"2b6d056\" data-element_type=\"widget\" data-e-type=\"widget\" data-widget_type=\"heading.default\">\n\t\t\t\t\t<h5 class=\"elementor-heading-title elementor-size-default\">En esta foto estoy con mis hermanos y con papi, por si no lo tienes claro es el viejuno del sombrero jajajajaja<\/h5>\t\t\t\t<\/div>\n\t\t\t\t\t<\/div>\n\t\t\t\t<\/div>\n\t\t<div class=\"elementor-element elementor-element-acade6c e-flex e-con-boxed e-con e-parent\" data-id=\"acade6c\" data-element_type=\"container\" data-e-type=\"container\">\n\t\t\t\t\t<div class=\"e-con-inner\">\n\t\t\t\t<div class=\"elementor-element elementor-element-0574604 elementor-widget-divider--view-line_icon elementor-view-default elementor-widget-divider--element-align-center elementor-widget elementor-widget-divider\" data-id=\"0574604\" data-element_type=\"widget\" data-e-type=\"widget\" data-widget_type=\"divider.default\">\n\t\t\t\t\t\t\t<div class=\"elementor-divider\">\n\t\t\t<span class=\"elementor-divider-separator\">\n\t\t\t\t\t\t\t<div class=\"elementor-icon elementor-divider__element\">\n\t\t\t\t\t<svg aria-hidden=\"true\" class=\"e-font-icon-svg e-fas-fire-alt\" viewBox=\"0 0 448 512\" xmlns=\"http:\/\/www.w3.org\/2000\/svg\"><path d=\"M323.56 51.2c-20.8 19.3-39.58 39.59-56.22 59.97C240.08 73.62 206.28 35.53 168 0 69.74 91.17 0 209.96 0 281.6 0 408.85 100.29 512 224 512s224-103.15 224-230.4c0-53.27-51.98-163.14-124.44-230.4zm-19.47 340.65C282.43 407.01 255.72 416 226.86 416 154.71 416 96 368.26 96 290.75c0-38.61 24.31-72.63 72.79-130.75 6.93 7.98 98.83 125.34 98.83 125.34l58.63-66.88c4.14 6.85 7.91 13.55 11.27 19.97 27.35 52.19 15.81 118.97-33.43 153.42z\"><\/path><\/svg><\/div>\n\t\t\t\t\t\t<\/span>\n\t\t<\/div>\n\t\t\t\t\t\t<\/div>\n\t\t\t\t\t<\/div>\n\t\t\t\t<\/div>\n\t\t<div class=\"elementor-element elementor-element-7955ec8 e-grid e-con-boxed e-con e-parent\" data-id=\"7955ec8\" data-element_type=\"container\" data-e-type=\"container\">\n\t\t\t\t\t<div class=\"e-con-inner\">\n\t\t<div class=\"elementor-element elementor-element-ae494f6 e-con-full e-flex e-con e-child\" data-id=\"ae494f6\" data-element_type=\"container\" data-e-type=\"container\">\n\t\t\t\t<div class=\"elementor-element elementor-element-8927169 elementor-widget elementor-widget-image\" data-id=\"8927169\" data-element_type=\"widget\" data-e-type=\"widget\" data-widget_type=\"image.default\">\n\t\t\t\t\t\t\t\t\t\t\t\t\t\t\t<img decoding=\"async\" src=\"https:\/\/dennis.com.es\/wp-content\/uploads\/elementor\/thumbs\/IMG_20220701_184323-scaled-rk0zniylj84girhxdjqpt8c7kr6o0ydpx0sluw0zu8.jpg\" title=\"IMG_20220701_184323\" alt=\"IMG_20220701_184323\" loading=\"lazy\" \/>\t\t\t\t\t\t\t\t\t\t\t\t\t\t\t<\/div>\n\t\t\t\t<\/div>\n\t\t<div class=\"elementor-element elementor-element-2d2dc11 e-con-full e-flex e-con e-child\" data-id=\"2d2dc11\" data-element_type=\"container\" data-e-type=\"container\">\n\t\t\t\t<div class=\"elementor-element elementor-element-9f46840 elementor-widget elementor-widget-image\" data-id=\"9f46840\" data-element_type=\"widget\" data-e-type=\"widget\" data-widget_type=\"image.default\">\n\t\t\t\t\t\t\t\t\t\t\t\t\t\t\t<img decoding=\"async\" src=\"https:\/\/dennis.com.es\/wp-content\/uploads\/elementor\/thumbs\/IMG_20250718_144458-scaled-rk0znzvoy8rmbqtcmr20242i9ov9vi8vzcjchvbwq8.jpg\" title=\"IMG_20250718_144458\" alt=\"IMG_20250718_144458\" loading=\"lazy\" \/>\t\t\t\t\t\t\t\t\t\t\t\t\t\t\t<\/div>\n\t\t\t\t<\/div>\n\t\t<div class=\"elementor-element elementor-element-0fd3257 e-con-full e-flex e-con e-child\" data-id=\"0fd3257\" data-element_type=\"container\" data-e-type=\"container\">\n\t\t\t\t<div class=\"elementor-element elementor-element-f802d3f elementor-widget elementor-widget-image\" data-id=\"f802d3f\" data-element_type=\"widget\" data-e-type=\"widget\" data-widget_type=\"image.default\">\n\t\t\t\t\t\t\t\t\t\t\t\t\t\t\t<img decoding=\"async\" src=\"https:\/\/dennis.com.es\/wp-content\/uploads\/elementor\/thumbs\/IMG_20220623_080633-scaled-rk0znbfw0ju5xvsulghp9a8ito7qbdjv7zkq0oc580.jpg\" title=\"IMG_20220623_080633\" alt=\"IMG_20220623_080633\" loading=\"lazy\" \/>\t\t\t\t\t\t\t\t\t\t\t\t\t\t\t<\/div>\n\t\t\t\t<\/div>\n\t\t<div class=\"elementor-element elementor-element-4110fce e-con-full e-flex e-con e-child\" data-id=\"4110fce\" data-element_type=\"container\" data-e-type=\"container\">\n\t\t\t\t<div class=\"elementor-element elementor-element-65eae25 elementor-widget elementor-widget-image\" data-id=\"65eae25\" data-element_type=\"widget\" data-e-type=\"widget\" data-widget_type=\"image.default\">\n\t\t\t\t\t\t\t\t\t\t\t\t\t\t\t<img decoding=\"async\" src=\"https:\/\/dennis.com.es\/wp-content\/uploads\/elementor\/thumbs\/IMG_20220402_104036-scaled-rk0zjx8vc36w0kqcezo7952llky0iq2rf6rlmpdbow.jpg\" title=\"IMG_20220402_104036\" alt=\"IMG_20220402_104036\" loading=\"lazy\" \/>\t\t\t\t\t\t\t\t\t\t\t\t\t\t\t<\/div>\n\t\t\t\t<\/div>\n\t\t\t\t\t<\/div>\n\t\t\t\t<\/div>\n\t\t<div class=\"elementor-element elementor-element-fd95936 e-flex e-con-boxed e-con e-parent\" data-id=\"fd95936\" data-element_type=\"container\" data-e-type=\"container\">\n\t\t\t\t\t<div class=\"e-con-inner\">\n\t\t\t\t<div class=\"elementor-element elementor-element-98b7cdd elementor-widget-divider--view-line_icon elementor-view-default elementor-widget-divider--element-align-center elementor-widget elementor-widget-divider\" data-id=\"98b7cdd\" data-element_type=\"widget\" data-e-type=\"widget\" data-widget_type=\"divider.default\">\n\t\t\t\t\t\t\t<div class=\"elementor-divider\">\n\t\t\t<span class=\"elementor-divider-separator\">\n\t\t\t\t\t\t\t<div class=\"elementor-icon elementor-divider__element\">\n\t\t\t\t\t<svg aria-hidden=\"true\" class=\"e-font-icon-svg e-fas-fire-alt\" viewBox=\"0 0 448 512\" xmlns=\"http:\/\/www.w3.org\/2000\/svg\"><path d=\"M323.56 51.2c-20.8 19.3-39.58 39.59-56.22 59.97C240.08 73.62 206.28 35.53 168 0 69.74 91.17 0 209.96 0 281.6 0 408.85 100.29 512 224 512s224-103.15 224-230.4c0-53.27-51.98-163.14-124.44-230.4zm-19.47 340.65C282.43 407.01 255.72 416 226.86 416 154.71 416 96 368.26 96 290.75c0-38.61 24.31-72.63 72.79-130.75 6.93 7.98 98.83 125.34 98.83 125.34l58.63-66.88c4.14 6.85 7.91 13.55 11.27 19.97 27.35 52.19 15.81 118.97-33.43 153.42z\"><\/path><\/svg><\/div>\n\t\t\t\t\t\t<\/span>\n\t\t<\/div>\n\t\t\t\t\t\t<\/div>\n\t\t\t\t\t<\/div>\n\t\t\t\t<\/div>\n\t\t<div class=\"elementor-element elementor-element-6e233df e-flex e-con-boxed e-con e-parent\" data-id=\"6e233df\" data-element_type=\"container\" data-e-type=\"container\">\n\t\t\t\t\t<div class=\"e-con-inner\">\n\t\t\t\t<div class=\"elementor-element elementor-element-24525bc elementor-widget elementor-widget-text-editor\" data-id=\"24525bc\" data-element_type=\"widget\" data-e-type=\"widget\" data-widget_type=\"text-editor.default\">\n\t\t\t\t\t\t\t\t\t<p>Practico frontenis, la verdad es que no se me da mal, pero lo m\u00e1s importante es que me divierto mucho.<\/p>\t\t\t\t\t\t\t\t<\/div>\n\t\t\t\t\t<\/div>\n\t\t\t\t<\/div>\n\t\t<div class=\"elementor-element elementor-element-6789695 e-flex e-con-boxed e-con e-parent\" data-id=\"6789695\" data-element_type=\"container\" data-e-type=\"container\">\n\t\t\t\t\t<div class=\"e-con-inner\">\n\t\t\t\t<div class=\"elementor-element elementor-element-a89e5e4 elementor-widget elementor-widget-video\" data-id=\"a89e5e4\" data-element_type=\"widget\" data-e-type=\"widget\" data-settings=\"{&quot;video_type&quot;:&quot;hosted&quot;,&quot;controls&quot;:&quot;yes&quot;}\" data-widget_type=\"video.default\">\n\t\t\t\t\t\t\t<div class=\"e-hosted-video elementor-wrapper elementor-open-inline\">\n\t\t\t\t\t<video class=\"elementor-video\" src=\"https:\/\/dennis.com.es\/wp-content\/uploads\/2026\/03\/VID_20240509_211025.mp4\" controls=\"\" preload=\"metadata\" controlsList=\"nodownload\"><\/video>\n\t\t\t\t<\/div>\n\t\t\t\t\t\t<\/div>\n\t\t\t\t\t<\/div>\n\t\t\t\t<\/div>\n\t\t\t\t<\/div>\n\t\t","protected":false},"excerpt":{"rendered":"<p>Hola Soy Dennis Has aterrizado en mi web personal. Aqu\u00ed puedes ver cositas sobre m\u00ed; lo que hago, lo que [&hellip;]<\/p>\n","protected":false},"author":1,"featured_media":0,"parent":0,"menu_order":0,"comment_status":"closed","ping_status":"closed","template":"","meta":{"site-sidebar-layout":"no-sidebar","site-content-layout":"","ast-site-content-layout":"full-width-container","site-content-style":"default","site-sidebar-style":"default","ast-global-header-display":"","ast-banner-title-visibility":"","ast-main-header-display":"","ast-hfb-above-header-display":"","ast-hfb-below-header-display":"","ast-hfb-mobile-header-display":"","site-post-title":"disabled","ast-breadcrumbs-content":"","ast-featured-img":"disabled","footer-sml-layout":"","ast-disable-related-posts":"","theme-transparent-header-meta":"","adv-header-id-meta":"","stick-header-meta":"","header-above-stick-meta":"","header-main-stick-meta":"","header-below-stick-meta":"","astra-migrate-meta-layouts":"default","ast-page-background-enabled":"default","ast-page-background-meta":{"desktop":{"background-color":"var(--ast-global-color-5)","background-image":"","background-repeat":"repeat","background-position":"center center","background-size":"auto","background-attachment":"scroll","background-type":"","background-media":"","overlay-type":"","overlay-color":"","overlay-opacity":"","overlay-gradient":""},"tablet":{"background-color":"","background-image":"","background-repeat":"repeat","background-position":"center center","background-size":"auto","background-attachment":"scroll","background-type":"","background-media":"","overlay-type":"","overlay-color":"","overlay-opacity":"","overlay-gradient":""},"mobile":{"background-color":"","background-image":"","background-repeat":"repeat","background-position":"center center","background-size":"auto","background-attachment":"scroll","background-type":"","background-media":"","overlay-type":"","overlay-color":"","overlay-opacity":"","overlay-gradient":""}},"ast-content-background-meta":{"desktop":{"background-color":"var(--ast-global-color-4)","background-image":"","background-repeat":"repeat","background-position":"center center","background-size":"auto","background-attachment":"scroll","background-type":"","background-media":"","overlay-type":"","overlay-color":"","overlay-opacity":"","overlay-gradient":""},"tablet":{"background-color":"var(--ast-global-color-4)","background-image":"","background-repeat":"repeat","background-position":"center center","background-size":"auto","background-attachment":"scroll","background-type":"","background-media":"","overlay-type":"","overlay-color":"","overlay-opacity":"","overlay-gradient":""},"mobile":{"background-color":"var(--ast-global-color-4)","background-image":"","background-repeat":"repeat","background-position":"center center","background-size":"auto","background-attachment":"scroll","background-type":"","background-media":"","overlay-type":"","overlay-color":"","overlay-opacity":"","overlay-gradient":""}},"footnotes":""},"class_list":["post-11","page","type-page","status-publish","hentry"],"_links":{"self":[{"href":"https:\/\/dennis.com.es\/index.php?rest_route=\/wp\/v2\/pages\/11","targetHints":{"allow":["GET"]}}],"collection":[{"href":"https:\/\/dennis.com.es\/index.php?rest_route=\/wp\/v2\/pages"}],"about":[{"href":"https:\/\/dennis.com.es\/index.php?rest_route=\/wp\/v2\/types\/page"}],"author":[{"embeddable":true,"href":"https:\/\/dennis.com.es\/index.php?rest_route=\/wp\/v2\/users\/1"}],"replies":[{"embeddable":true,"href":"https:\/\/dennis.com.es\/index.php?rest_route=%2Fwp%2Fv2%2Fcomments&post=11"}],"version-history":[{"count":23,"href":"https:\/\/dennis.com.es\/index.php?rest_route=\/wp\/v2\/pages\/11\/revisions"}],"predecessor-version":[{"id":117,"href":"https:\/\/dennis.com.es\/index.php?rest_route=\/wp\/v2\/pages\/11\/revisions\/117"}],"wp:attachment":[{"href":"https:\/\/dennis.com.es\/index.php?rest_route=%2Fwp%2Fv2%2Fmedia&parent=11"}],"curies":[{"name":"wp","href":"https:\/\/api.w.org\/{rel}","templated":true}]}}